{"id":10883,"date":"2025-10-10T16:43:28","date_gmt":"2025-10-10T16:43:28","guid":{"rendered":"https:\/\/www.mon-arbreachat.com\/produit\/arbre-a-chat-cactus-miaoucactus\/"},"modified":"2026-04-06T21:44:10","modified_gmt":"2026-04-06T21:44:10","slug":"arbre-a-chat-design-cactus-griffoir-vert","status":"publish","type":"product","link":"https:\/\/www.mon-arbreachat.com\/en\/product\/arbre-a-chat-design-cactus-griffoir-vert\/","title":{"rendered":"Arbre \u00e0 chat design cactus griffoir vert"},"content":{"rendered":"<h2>D\u00e9couvrez l\u2019Arbre \u00e0 chat Cactus \u2013 MiaouCactus pour un int\u00e9rieur unique<\/h2>\n<p>Avec son design innovant, l\u2019Arbre \u00e0 chat Cactus \u2013 MiaouCactus transforme n\u2019importe quelle pi\u00e8ce en un espace \u00e9l\u00e9gant et captivant, attirant aussi bien les regards que l\u2019int\u00e9r\u00eat de vos f\u00e9lins.<\/p>\n<p>Son apparence r\u00e9aliste de cactus offre une exp\u00e9rience visuelle unique, m\u00ealant harmonieusement esth\u00e9tique et fonctionnalit\u00e9, pour le bonheur de votre chat et le v\u00f4tre.<\/p>\n<h2>Un espace s\u00e9curis\u00e9 et amusant avec l\u2019Arbre \u00e0 chat Cactus \u2013 MiaouCactus<\/h2>\n<p>L\u2019Arbre \u00e0 chat Cactus \u2013 MiaouCactus est con\u00e7u pour offrir \u00e0 votre chat une aire de jeu et de repos s\u00fbre et divertissante, favorisant son bien-\u00eatre et stimulant sa curiosit\u00e9.<\/p>\n<p>Id\u00e9al pour les chats joueurs, il offre de nombreuses possibilit\u00e9s d\u2019exploration, incitant votre compagnon \u00e0 d\u00e9velopper sa motricit\u00e9 et \u00e0 satisfaire son instinct naturel de grimpeur.<\/p>\n<h2>\u00c9conomisez vos meubles avec l\u2019Arbre \u00e0 chat Cactus \u2013 MiaouCactus<\/h2>\n<p>Avec sa structure engageante, l\u2019Arbre \u00e0 chat Cactus \u2013 MiaouCactus incite votre chat \u00e0 utiliser une surface d\u00e9di\u00e9e pour ses griffes, prot\u00e9geant ainsi vos meubles pr\u00e9cieux.<\/p>\n<p>Install\u00e9 dans votre maison, il devient rapidement l\u2019endroit pr\u00e9f\u00e9r\u00e9 de votre chat pour faire ses griffes, jouer et se reposer, tout en pr\u00e9servant l\u2019esth\u00e9tique de votre int\u00e9rieur.<\/p>\n<h2>D\u00e9tails du produit<\/h2>\n<ul>\n<li>Mat\u00e9riau de qualit\u00e9<\/li>\n<li>Design r\u00e9aliste<\/li>\n<li>\u00c9conomie d\u2019espace<\/li>\n<\/ul>\n<p>Jetez un \u0153il \u00e0 notre catalogue de <a href=\"\/en\/collections\/arbre-a-chat-sol\/\">arbre-a-chat-sol<\/a> pour d\u00e9couvrir la gamme compl\u00e8te.<\/p>","protected":false},"excerpt":{"rendered":"<p>Offrez \u00e0 votre chat l&rsquo;Arbre \u00e0 chat Cactus &#8211; MiaouCactus pour un espace ludique et s\u00e9curis\u00e9.<\/p>","protected":false},"featured_media":10859,"comment_status":"open","ping_status":"closed","template":"","meta":[],"product_brand":[],"product_cat":[386,111,383],"product_tag":[],"class_list":{"0":"post-10883","1":"product","2":"type-product","3":"status-publish","4":"has-post-thumbnail","6":"product_cat-arbre-a-chat-cactus","7":"product_cat-arbre-a-chat-design","8":"product_cat-arbre-a-chat-naturel-2","10":"first","11":"instock","12":"shipping-taxable","13":"purchasable","14":"product-type-variable"},"aioseo_notices":[],"_links":{"self":[{"href":"https:\/\/www.mon-arbreachat.com\/en\/wp-json\/wp\/v2\/product\/10883","targetHints":{"allow":["GET"]}}],"collection":[{"href":"https:\/\/www.mon-arbreachat.com\/en\/wp-json\/wp\/v2\/product"}],"about":[{"href":"https:\/\/www.mon-arbreachat.com\/en\/wp-json\/wp\/v2\/types\/product"}],"replies":[{"embeddable":true,"href":"https:\/\/www.mon-arbreachat.com\/en\/wp-json\/wp\/v2\/comments?post=10883"}],"wp:featuredmedia":[{"embeddable":true,"href":"https:\/\/www.mon-arbreachat.com\/en\/wp-json\/wp\/v2\/media\/10859"}],"wp:attachment":[{"href":"https:\/\/www.mon-arbreachat.com\/en\/wp-json\/wp\/v2\/media?parent=10883"}],"wp:term":[{"taxonomy":"product_brand","embeddable":true,"href":"https:\/\/www.mon-arbreachat.com\/en\/wp-json\/wp\/v2\/product_brand?post=10883"},{"taxonomy":"product_cat","embeddable":true,"href":"https:\/\/www.mon-arbreachat.com\/en\/wp-json\/wp\/v2\/product_cat?post=10883"},{"taxonomy":"product_tag","embeddable":true,"href":"https:\/\/www.mon-arbreachat.com\/en\/wp-json\/wp\/v2\/product_tag?post=10883"}],"curies":[{"name":"wp","href":"https:\/\/api.w.org\/{rel}","templated":true}]}}