{"id":11036,"date":"2025-10-10T16:45:45","date_gmt":"2025-10-10T16:45:45","guid":{"rendered":"https:\/\/www.mon-arbreachat.com\/produit\/arbre-a-chat-deisgn-dinosaure\/"},"modified":"2026-04-06T21:29:57","modified_gmt":"2026-04-06T21:29:57","slug":"arbre-a-chat-design-maisonnette-en-dinosaure","status":"publish","type":"product","link":"https:\/\/www.mon-arbreachat.com\/en\/product\/arbre-a-chat-design-maisonnette-en-dinosaure\/","title":{"rendered":"Arbre \u00e0 chat design | Maisonnette en dinosaure"},"content":{"rendered":"<h2>Arbre a chat design dinosaure pour des aventures in\u00e9dites<\/h2>\n<p>L\u2019Arbre a chat design dinosaure offre un v\u00e9ritable espace d\u2019exploration \u00e0 votre f\u00e9lin. Inspir\u00e9 par l\u2019univers jurassique, cet arbre \u00e0 chat promet des heures de jeux et de d\u00e9couvertes.<\/p>\n<p>Avec ses formes amusantes et ses couleurs vives, l\u2019Arbre a chat design dinosaure ravira autant les f\u00e9lins que leurs propri\u00e9taires. Id\u00e9al pour stimuler l\u2019imagination de votre chat.<\/p>\n<h2>L\u2019Arbre a chat design dinosaure pour un confort optimal<\/h2>\n<p>MON ARBRE A CHAT est con\u00e7u pour le bien-\u00eatre et le confort de votre chat. La structure comprend des espaces o\u00f9 il pourra se d\u00e9tendre et se sentir en s\u00e9curit\u00e9.<\/p>\n<p>Gr\u00e2ce \u00e0 son design innovant, l\u2019Arbre a chat design dinosaure int\u00e8gre des \u00e9l\u00e9ments qui favorisent le repos et la s\u00e9r\u00e9nit\u00e9 de votre animal de compagnie.<\/p>\n<h2>Ajoutez de la couleur \u00e0 votre int\u00e9rieur avec l\u2019Arbre a chat design dinosaure<\/h2>\n<p>L\u2019Arbre a chat design dinosaure n\u2019est pas seulement fonctionnel, il est aussi un \u00e9l\u00e9ment d\u00e9coratif qui apportera une touche originale et color\u00e9e \u00e0 votre maison.<\/p>\n<p>Avec des mat\u00e9riaux de qualit\u00e9 et un design soign\u00e9, MON ARBRE A CHAT devient l\u2019accessoire indispensable pour votre int\u00e9rieur tout en comblant les d\u00e9sirs d\u2019aventure de votre chat.<\/p>\n<h2>D\u00e9tails du produit<\/h2>\n<ul>\n<li>Design unique en forme de dinosaure<\/li>\n<li>Couleurs vives et attrayantes<\/li>\n<li>Structure stable et s\u00e9curis\u00e9e<\/li>\n<\/ul>\n<p>Vous pouvez \u00e9galement jeter un \u0153il \u00e0 notre collection compl\u00e8te de <a href=\"\/en\/collections\/arbre-a-chat-sol\/\">arbre-a-chat-sol<\/a> pour trouver d\u2019autres mod\u00e8les dans le m\u00eame style.<\/p>","protected":false},"excerpt":{"rendered":"<p>D\u00e9couvrez l&rsquo;Arbre a chat design dinosaure, un espace de jeu unique pour votre f\u00e9lin. Commandez maintenant !<\/p>","protected":false},"featured_media":11034,"comment_status":"open","ping_status":"closed","template":"","meta":[],"product_brand":[],"product_cat":[111,387],"product_tag":[],"class_list":{"0":"post-11036","1":"product","2":"type-product","3":"status-publish","4":"has-post-thumbnail","6":"product_cat-arbre-a-chat-design","7":"product_cat-arbre-a-chat-dinosaure","9":"first","10":"instock","11":"shipping-taxable","12":"purchasable","13":"product-type-simple"},"aioseo_notices":[],"_links":{"self":[{"href":"https:\/\/www.mon-arbreachat.com\/en\/wp-json\/wp\/v2\/product\/11036","targetHints":{"allow":["GET"]}}],"collection":[{"href":"https:\/\/www.mon-arbreachat.com\/en\/wp-json\/wp\/v2\/product"}],"about":[{"href":"https:\/\/www.mon-arbreachat.com\/en\/wp-json\/wp\/v2\/types\/product"}],"replies":[{"embeddable":true,"href":"https:\/\/www.mon-arbreachat.com\/en\/wp-json\/wp\/v2\/comments?post=11036"}],"wp:featuredmedia":[{"embeddable":true,"href":"https:\/\/www.mon-arbreachat.com\/en\/wp-json\/wp\/v2\/media\/11034"}],"wp:attachment":[{"href":"https:\/\/www.mon-arbreachat.com\/en\/wp-json\/wp\/v2\/media?parent=11036"}],"wp:term":[{"taxonomy":"product_brand","embeddable":true,"href":"https:\/\/www.mon-arbreachat.com\/en\/wp-json\/wp\/v2\/product_brand?post=11036"},{"taxonomy":"product_cat","embeddable":true,"href":"https:\/\/www.mon-arbreachat.com\/en\/wp-json\/wp\/v2\/product_cat?post=11036"},{"taxonomy":"product_tag","embeddable":true,"href":"https:\/\/www.mon-arbreachat.com\/en\/wp-json\/wp\/v2\/product_tag?post=11036"}],"curies":[{"name":"wp","href":"https:\/\/api.w.org\/{rel}","templated":true}]}}