{"id":11178,"date":"2025-10-10T16:47:43","date_gmt":"2025-10-10T16:47:43","guid":{"rendered":"https:\/\/www.mon-arbreachat.com\/produit\/arbre-a-chat-integral-avec-villa-et-plateformes-modele-chateaufelin\/"},"modified":"2026-04-06T21:44:02","modified_gmt":"2026-04-06T21:44:02","slug":"arbre-a-chat-xxl-avec-escalier-hamac-maisonnette-3-jouets","status":"publish","type":"product","link":"https:\/\/www.mon-arbreachat.com\/en\/product\/arbre-a-chat-xxl-avec-escalier-hamac-maisonnette-3-jouets\/","title":{"rendered":"Arbre \u00e0 chat xxl avec escalier, hamac, maisonnette &amp; 3 jouets"},"content":{"rendered":"<h2>Arbre \u00e0 chat xxl avec escalier, hamac, maisonnette & 3 jouets pour le bonheur de votre f\u00e9lin<\/h2>\n<p>Avec l\u2019Arbre \u00e0 chat xxl avec escalier, hamac, maisonnette & 3 jouets, offrez \u00e0 votre compagnon un espace de jeu et de repos des plus complets. Sa structure accueillante et divertissante s\u2019adapte \u00e0 toutes les envies et besoins de vos f\u00e9lins, offrant un cadre stimulant et s\u00e9curis\u00e9.<\/p>\n<p>Imaginez votre chat souriant, explorant des hauteurs vari\u00e9es et grimpant avec aisance gr\u00e2ce \u00e0 l\u2019escalier int\u00e9gr\u00e9. Chaque mont\u00e9e est une nouvelle aventure qui \u00e9veille ses instincts naturels, transformant son quotidien en un jeu captivant et enrichissant.<\/p>\n<h2>D\u00e9tente assur\u00e9e avec l\u2019Arbre \u00e0 chat xxl avec escalier, hamac, maisonnette & 3 jouets<\/h2>\n<p>L\u2019Arbre \u00e0 chat xxl avec escalier, hamac, maisonnette & 3 jouets inclut un hamac moelleux o\u00f9 votre chat peut paresser paisiblement. Ce refuge lui offre une tranquillit\u00e9 bien m\u00e9rit\u00e9e apr\u00e8s une journ\u00e9e pleine de courses et de bonds, lui procurant un repos r\u00e9parateur.<\/p>\n<p>La maisonnette douillette devient son cocon favori pour se retirer en toute s\u00e9r\u00e9nit\u00e9. C\u2019est un espace de s\u00e9curit\u00e9 incomparable o\u00f9 il peut se reposer ou observer son environnement en toute qui\u00e9tude, immerg\u00e9 dans un univers de confort et de protection.<\/p>\n<h2>Jeux et aventures avec l\u2019Arbre \u00e0 chat xxl avec escalier, hamac, maisonnette & 3 jouets<\/h2>\n<p>Avec ses 3 jouets inclus, l\u2019Arbre \u00e0 chat xxl avec escalier, hamac, maisonnette & 3 jouets stimule les instincts de chasse et de jeu de votre f\u00e9lin. Chaque jouet est minutieusement con\u00e7u pour \u00e9veiller l\u2019int\u00e9r\u00eat de votre chat, le gardant actif et engag\u00e9.<\/p>\n<p>Que ce soit en grimpant l\u2019escalier, en se pr\u00e9lassant dans le hamac ou en jouant avec les divers jouets, cet arbre \u00e0 chat devient un terrain d\u2019exploration in\u00e9puisable. Il s\u2019int\u00e8gre parfaitement \u00e0 votre int\u00e9rieur tout en respectant le bien-\u00eatre de votre animal.<\/p>\n<h2>Caract\u00e9ristiques techniques<\/h2>\n<ul>\n<li>Mat\u00e9riaux de qualit\u00e9 sup\u00e9rieure<\/li>\n<li>Structure en peluche douce<\/li>\n<li>Plateformes multiples<\/li>\n<\/ul>\n<p>Ce produit vous pla\u00eet ? D\u00e9couvrez notre gamme compl\u00e8te <a href=\"https:\/\/www.mon-arbreachat.com\/en\/collections\/arbre-a-chat-xxl\/\">arbre a chat xxl<\/a> pour avoir plus de choix.<\/p>","protected":false},"excerpt":{"rendered":"<p>D\u00e9couvrez l&rsquo;Arbre \u00e0 chat XXL avec escalier, hamac, maisonnette &amp; 3 jouets pour un espace de jeu f\u00e9lin id\u00e9al.<\/p>","protected":false},"featured_media":11163,"comment_status":"open","ping_status":"closed","template":"","meta":[],"product_brand":[],"product_cat":[382,383,107],"product_tag":[],"class_list":{"0":"post-11178","1":"product","2":"type-product","3":"status-publish","4":"has-post-thumbnail","6":"product_cat-arbre-a-chat-hamac","7":"product_cat-arbre-a-chat-naturel-2","8":"product_cat-arbre-a-chat-xxl","10":"first","11":"instock","12":"shipping-taxable","13":"purchasable","14":"product-type-simple"},"aioseo_notices":[],"_links":{"self":[{"href":"https:\/\/www.mon-arbreachat.com\/en\/wp-json\/wp\/v2\/product\/11178","targetHints":{"allow":["GET"]}}],"collection":[{"href":"https:\/\/www.mon-arbreachat.com\/en\/wp-json\/wp\/v2\/product"}],"about":[{"href":"https:\/\/www.mon-arbreachat.com\/en\/wp-json\/wp\/v2\/types\/product"}],"replies":[{"embeddable":true,"href":"https:\/\/www.mon-arbreachat.com\/en\/wp-json\/wp\/v2\/comments?post=11178"}],"wp:featuredmedia":[{"embeddable":true,"href":"https:\/\/www.mon-arbreachat.com\/en\/wp-json\/wp\/v2\/media\/11163"}],"wp:attachment":[{"href":"https:\/\/www.mon-arbreachat.com\/en\/wp-json\/wp\/v2\/media?parent=11178"}],"wp:term":[{"taxonomy":"product_brand","embeddable":true,"href":"https:\/\/www.mon-arbreachat.com\/en\/wp-json\/wp\/v2\/product_brand?post=11178"},{"taxonomy":"product_cat","embeddable":true,"href":"https:\/\/www.mon-arbreachat.com\/en\/wp-json\/wp\/v2\/product_cat?post=11178"},{"taxonomy":"product_tag","embeddable":true,"href":"https:\/\/www.mon-arbreachat.com\/en\/wp-json\/wp\/v2\/product_tag?post=11178"}],"curies":[{"name":"wp","href":"https:\/\/api.w.org\/{rel}","templated":true}]}}