{"id":11209,"date":"2025-10-10T16:48:18","date_gmt":"2025-10-10T16:48:18","guid":{"rendered":"https:\/\/www.mon-arbreachat.com\/produit\/arbre-a-chat-multifonction-modele-midnightpaws\/"},"modified":"2026-04-06T21:44:01","modified_gmt":"2026-04-06T21:44:01","slug":"arbre-a-chat-xxl-avec-maisonnette-jouet-hamac","status":"publish","type":"product","link":"https:\/\/www.mon-arbreachat.com\/en\/product\/arbre-a-chat-xxl-avec-maisonnette-jouet-hamac\/","title":{"rendered":"Arbre \u00e0 chat xxl avec maisonnette, jouet &amp; hamac"},"content":{"rendered":"<h2>Arbre \u00e0 chat XXL avec maisonnette pour un espace ludique<\/h2>\n<p>L\u2019arbre \u00e0 chat XXL avec maisonnette est con\u00e7u pour offrir \u00e0 votre f\u00e9lin un v\u00e9ritable espace ludique et chaleureux. Ce meuble \u00e9l\u00e9gant s\u2019int\u00e8gre parfaitement dans votre int\u00e9rieur tout en offrant \u00e0 votre chat un lieu de d\u00e9tente unique qui lui est r\u00e9serv\u00e9. SON design soign\u00e9 attire l\u2019attention et devient un \u00e9l\u00e9ment d\u00e9coratif suppl\u00e9mentaire dans votre maison.<\/p>\n<p>Avec sa maisonnette int\u00e9gr\u00e9e, cet arbre permet \u00e0 votre compagnon de s\u2019offrir des temps de pause tout en ayant la possibilit\u00e9 de s\u2019abriter en toute tranquillit\u00e9. Sa structure spacieuse et bien pens\u00e9e garantit s\u00e9curit\u00e9 et plaisir au quotidien pour votre animal qui pourra y explorer des niveaux vari\u00e9s.<\/p>\n<h2>Dynamiser le jeu de votre chat avec l\u2019Arbre \u00e0 chat XXL et son jouet int\u00e9gr\u00e9<\/h2>\n<p>L\u2019Arbre \u00e0 chat XXL stimule le jeu de votre chat avec son jouet int\u00e9gr\u00e9, con\u00e7u pour \u00e9veiller son instinct naturel de chasseur. Cet accessoire ludique assure \u00e0 votre f\u00e9lin des heures de divertissement quotidien tout en le maintenant actif sur le plan physique et mental. <\/p>\n<p>Ce jouet est l\u2019un des points forts de l\u2019arbre, vu qu\u2019il capte l\u2019int\u00e9r\u00eat constant de votre chat, et enrichit son environnement quotidien. De par sa conception attrayante, cet arbre devient rapidement indispensable pour offrir \u00e0 votre compagnon un cadre de vie stimulant et divertissant \u00e0 la fois.<\/p>\n<h2>Confort in\u00e9gal\u00e9 avec le hamac de l\u2019Arbre \u00e0 chat XXL<\/h2>\n<p>Le hamac de l\u2019Arbre \u00e0 chat XXL est un espace de couchage confortable qui \u00e9pouse les contours de votre chat. Ce hamac suspendu est sp\u00e9cifiquement con\u00e7u pour apporter \u00e0 votre f\u00e9lin un confort in\u00e9gal\u00e9 qui invite \u00e0 de longues siestes paisibles.<\/p>\n<p>En plus d\u2019offrir un confort exceptionnel, le hamac favorise une sensation de s\u00e9curit\u00e9 chez votre chat lorsqu\u2019il se repose. C\u2019est l\u2019ajout id\u00e9al pour compl\u00e9ter les options de d\u00e9tente de votre arbre \u00e0 chat, transformant cet accessoire en havre de paix pour chaque pause m\u00e9rit\u00e9e de votre animal.<\/p>\n<h2>Caract\u00e9ristiques techniques de MON ARBRE A CHAT<\/h2>\n<ul>\n<li>Taille XXL avec plusieurs niveaux<\/li>\n<li>Maisonette int\u00e9gr\u00e9e<\/li>\n<li>Jouet interactif<\/li>\n<li>Hamac suspendu<\/li>\n<li>Mat\u00e9riaux de haute qualit\u00e9<\/li>\n<\/ul>\n<p>Nous vous invitons \u00e9galement \u00e0 consulter notre collection <a href=\"https:\/\/www.mon-arbreachat.com\/en\/collections\/arbre-a-chat-xxl\/\">arbre a chat xxl<\/a> pour voir tous nos mod\u00e8les identiques.<\/p>","protected":false},"excerpt":{"rendered":"<p>D\u00e9couvrez l&rsquo;arbre \u00e0 chat XXL avec maisonnette, jouet &amp; hamac, espace de jeu et confort pour votre f\u00e9lin ador\u00e9.<\/p>","protected":false},"featured_media":11185,"comment_status":"open","ping_status":"closed","template":"","meta":[],"product_brand":[],"product_cat":[382,383,107],"product_tag":[],"class_list":{"0":"post-11209","1":"product","2":"type-product","3":"status-publish","4":"has-post-thumbnail","6":"product_cat-arbre-a-chat-hamac","7":"product_cat-arbre-a-chat-naturel-2","8":"product_cat-arbre-a-chat-xxl","10":"first","11":"instock","12":"shipping-taxable","13":"purchasable","14":"product-type-variable"},"aioseo_notices":[],"_links":{"self":[{"href":"https:\/\/www.mon-arbreachat.com\/en\/wp-json\/wp\/v2\/product\/11209","targetHints":{"allow":["GET"]}}],"collection":[{"href":"https:\/\/www.mon-arbreachat.com\/en\/wp-json\/wp\/v2\/product"}],"about":[{"href":"https:\/\/www.mon-arbreachat.com\/en\/wp-json\/wp\/v2\/types\/product"}],"replies":[{"embeddable":true,"href":"https:\/\/www.mon-arbreachat.com\/en\/wp-json\/wp\/v2\/comments?post=11209"}],"wp:featuredmedia":[{"embeddable":true,"href":"https:\/\/www.mon-arbreachat.com\/en\/wp-json\/wp\/v2\/media\/11185"}],"wp:attachment":[{"href":"https:\/\/www.mon-arbreachat.com\/en\/wp-json\/wp\/v2\/media?parent=11209"}],"wp:term":[{"taxonomy":"product_brand","embeddable":true,"href":"https:\/\/www.mon-arbreachat.com\/en\/wp-json\/wp\/v2\/product_brand?post=11209"},{"taxonomy":"product_cat","embeddable":true,"href":"https:\/\/www.mon-arbreachat.com\/en\/wp-json\/wp\/v2\/product_cat?post=11209"},{"taxonomy":"product_tag","embeddable":true,"href":"https:\/\/www.mon-arbreachat.com\/en\/wp-json\/wp\/v2\/product_tag?post=11209"}],"curies":[{"name":"wp","href":"https:\/\/api.w.org\/{rel}","templated":true}]}}