{"id":11235,"date":"2025-10-10T16:48:39","date_gmt":"2025-10-10T16:48:39","guid":{"rendered":"https:\/\/www.mon-arbreachat.com\/produit\/arbre-a-chat-nuage\/"},"modified":"2026-04-06T21:44:00","modified_gmt":"2026-04-06T21:44:00","slug":"arbre-a-chat-design-nuage-avec-2-jouets","status":"publish","type":"product","link":"https:\/\/www.mon-arbreachat.com\/en\/product\/arbre-a-chat-design-nuage-avec-2-jouets\/","title":{"rendered":"Arbre \u00e0 chat design nuage avec 2 jouets"},"content":{"rendered":"<h2>Transformez votre int\u00e9rieur avec l\u2019Arbre \u00e0 chat nuage<\/h2>\n<p>L\u2019Arbre \u00e0 chat nuage est parfait pour transformer l\u2019espace de vie de votre f\u00e9lin en un coin de paradis. Gr\u00e2ce \u00e0 son design unique et apaisant, il s\u2019int\u00e8gre harmonieusement dans n\u2019importe quelle pi\u00e8ce de votre int\u00e9rieur.<\/p>\n<p>Cet accessoire indispensable pour les amoureux des chats offre une touche de fantaisie qui \u00e9gayera votre foyer tout en r\u00e9pondant aux besoins naturels de jeu et de repos de votre animal de compagnie.<\/p>\n<h2>L\u2019Arbre \u00e0 chat nuage, un espace de jeu pour votre f\u00e9lin<\/h2>\n<p>Avec l\u2019Arbre \u00e0 chat nuage, offrez \u00e0 votre chat une aire de jeu stimulante qui encourage l\u2019exercice et l\u2019agilit\u00e9 gr\u00e2ce \u00e0 ses jouets suspendus intriguants.<\/p>\n<p>Chaque instant pass\u00e9 sur cet arbre \u00e0 chat renforce le bonheur et la vitalit\u00e9 de votre compagnon \u00e0 quatre pattes, assurant ainsi son bien-\u00eatre quotidien.<\/p>\n<h2>Un confort in\u00e9gal\u00e9 gr\u00e2ce \u00e0 l\u2019Arbre \u00e0 chat nuage<\/h2>\n<p>Offrez un espace de repos confortable \u00e0 votre f\u00e9lin gr\u00e2ce \u00e0 la douceur de l\u2019Arbre \u00e0 chat nuage. Ses mat\u00e9riaux choisis pour leur qualit\u00e9 invitent \u00e0 la d\u00e9tente apr\u00e8s une journ\u00e9e riche en aventures.<\/p>\n<p>L\u2019Arbre \u00e0 chat nuage est con\u00e7u pour durer, fournissant \u00e0 votre animal un lieu s\u00fbr et stable pour se pr\u00e9lasser ou s\u2019amuser \u00e0 toute heure de la journ\u00e9e.<\/p>\n<h2>D\u00e9tails du produit<\/h2>\n<ul>\n<li>Design mignon et apaisant<\/li>\n<li>Jouets suspendus en \u00e9toile et lune<\/li>\n<li>Plateforme douce en forme de nuage<\/li>\n<li>Griffoir en sisal<\/li>\n<li>Base stable pour plus de s\u00e9curit\u00e9<\/li>\n<\/ul>\n<p>Ce produit vous pla\u00eet ? D\u00e9couvrez notre gamme compl\u00e8te <a href=\"\/en\/collections\/arbre-a-chat-sol\/\">arbre-a-chat-sol<\/a> pour avoir plus de choix.<\/p>","protected":false},"excerpt":{"rendered":"<p>D\u00e9couvrez l&rsquo;Arbre \u00e0 chat nuage pour un espace ludique et confortable chez vous !<\/p>","protected":false},"featured_media":11216,"comment_status":"open","ping_status":"closed","template":"","meta":[],"product_brand":[],"product_cat":[111,383],"product_tag":[],"class_list":{"0":"post-11235","1":"product","2":"type-product","3":"status-publish","4":"has-post-thumbnail","6":"product_cat-arbre-a-chat-design","7":"product_cat-arbre-a-chat-naturel-2","9":"first","10":"instock","11":"shipping-taxable","12":"purchasable","13":"product-type-simple"},"aioseo_notices":[],"_links":{"self":[{"href":"https:\/\/www.mon-arbreachat.com\/en\/wp-json\/wp\/v2\/product\/11235","targetHints":{"allow":["GET"]}}],"collection":[{"href":"https:\/\/www.mon-arbreachat.com\/en\/wp-json\/wp\/v2\/product"}],"about":[{"href":"https:\/\/www.mon-arbreachat.com\/en\/wp-json\/wp\/v2\/types\/product"}],"replies":[{"embeddable":true,"href":"https:\/\/www.mon-arbreachat.com\/en\/wp-json\/wp\/v2\/comments?post=11235"}],"wp:featuredmedia":[{"embeddable":true,"href":"https:\/\/www.mon-arbreachat.com\/en\/wp-json\/wp\/v2\/media\/11216"}],"wp:attachment":[{"href":"https:\/\/www.mon-arbreachat.com\/en\/wp-json\/wp\/v2\/media?parent=11235"}],"wp:term":[{"taxonomy":"product_brand","embeddable":true,"href":"https:\/\/www.mon-arbreachat.com\/en\/wp-json\/wp\/v2\/product_brand?post=11235"},{"taxonomy":"product_cat","embeddable":true,"href":"https:\/\/www.mon-arbreachat.com\/en\/wp-json\/wp\/v2\/product_cat?post=11235"},{"taxonomy":"product_tag","embeddable":true,"href":"https:\/\/www.mon-arbreachat.com\/en\/wp-json\/wp\/v2\/product_tag?post=11235"}],"curies":[{"name":"wp","href":"https:\/\/api.w.org\/{rel}","templated":true}]}}