{"id":13967,"date":"2025-11-30T16:10:08","date_gmt":"2025-11-30T16:10:08","guid":{"rendered":"https:\/\/www.mon-arbreachat.com\/?post_type=product&#038;p=13967"},"modified":"2026-04-06T21:43:52","modified_gmt":"2026-04-06T21:43:52","slug":"arbre-a-chat-design-dinosaure-en-rotin-avec-griffoir","status":"publish","type":"product","link":"https:\/\/www.mon-arbreachat.com\/en\/product\/arbre-a-chat-design-dinosaure-en-rotin-avec-griffoir\/","title":{"rendered":"Arbre \u00e0 chat design \u2013 Dinosaure en rotin avec Griffoir"},"content":{"rendered":"<h2>Arbre \u00e0 chat design \u2013 Dinosaure en rotin avec Griffoir pour un int\u00e9rieur tendance<\/h2>\n<p>Offrez \u00e0 votre f\u00e9lin pr\u00e9f\u00e9r\u00e9 un espace de jeu et de d\u00e9tente unique avec l\u2019Arbre \u00e0 chat design \u2013 Dinosaure en rotin avec Griffoir. Ce meuble incroyable est non seulement une zone de jeu irr\u00e9sistible pour votre chat, mais il embellit \u00e9galement votre int\u00e9rieur gr\u00e2ce \u00e0 son apparence de dinosaure en rotin moderne et \u00e9l\u00e9gante. Transformez votre d\u00e9cor tout en offrant \u00e0 votre chat un espace personnel rien qu\u2019\u00e0 lui.<\/p>\n<p>Con\u00e7u pour stimuler la curiosit\u00e9 naturelle des chats, l\u2019Arbre \u00e0 chat design \u2013 Dinosaure en rotin avec Griffoir ajoute une touche de nature \u00e0 votre maison. Avec ses formes organiques et son mat\u00e9riau naturel, il procure \u00e0 votre compagnon un lieu extraordinaire pour monter, cacher, griffer et observer le monde qui l\u2019entoure. Une int\u00e9gration parfaite dans n\u2019importe quelle pi\u00e8ce de votre maison.<\/p>\n<h2>Confort optimal toute l\u2019ann\u00e9e avec l\u2019Arbre \u00e0 chat design \u2013 Dinosaure en rotin avec Griffoir<\/h2>\n<p>L\u2019Arbre \u00e0 chat design \u2013 Dinosaure en rotin est pens\u00e9 pour le bien-\u00eatre de votre chat \u00e0 chaque saison. Son lit en rotin offre une ventilation naturelle id\u00e9ale en \u00e9t\u00e9, tandis que le coussin isolant garantit une chaleur douce en hiver. C\u2019est un espace de luxe o\u00f9 votre chat adorera se pr\u00e9lasser et prendre du temps pour lui-m\u00eame dans un environnement confortable et s\u00e9curis\u00e9.<\/p>\n<p>Le design intelligent et chaleureux de cet arbre \u00e0 chat ne se contente pas de son esth\u00e9tique. Il est \u00e9galement \u00e9quip\u00e9 de plateformes spacieuses pour le repos et de cavit\u00e9s secr\u00e8tes pour les moments de d\u00e9tente. Ainsi, votre f\u00e9lin peut choisir entre se cacher tranquillement ou se pr\u00e9lasser au-dessus de son royaume, tout en profitant d\u2019un confort sans pareil.<\/p>\n<h2>Robustesse et s\u00e9curit\u00e9 avec l\u2019Arbre \u00e0 chat design \u2013 Dinosaure en rotin avec Griffoir<\/h2>\n<p>La robustesse de l\u2019Arbre \u00e0 chat design \u2013 Dinosaure en rotin avec Griffoir est assur\u00e9e par sa construction cibl\u00e9e pour r\u00e9sister aux jeux les plus anim\u00e9s de votre animal. Les poteaux recouverts de corde de sisal naturelle r\u00e9pondent parfaitement au besoin instinctif de votre chat de griffer, tout en assurant un solide support contre les chutes.<\/p>\n<p>Con\u00e7u avec des bases doublement renforc\u00e9es et des pads antid\u00e9rapants, cet arbre \u00e0 chat garantit une stabilit\u00e9 parfaite, m\u00eame lorsque plusieurs chats s\u2019amusent en m\u00eame temps. Les parents de f\u00e9lins peuvent ainsi avoir l\u2019esprit tranquille en sachant que leurs compagnons jouent en toute s\u00e9curit\u00e9.<\/p>\n<h2>Caract\u00e9ristiques techniques<\/h2>\n<ul>\n<li>Mat\u00e9riau : Rotin et sisal<\/li>\n<li>Poids : 9.6 kg<\/li>\n<li>Dimension : 116 cm de hauteur<\/li>\n<li>Couleur : Beige<\/li>\n<li>Taille du colis : 49cm x 49cm x 40cm<\/li>\n<\/ul>\n<p>Si ce mod\u00e8le vous donne envie, vous allez adorer notre collection <a href=\"https:\/\/www.mon-arbreachat.com\/en\/collections\/arbre-a-chat-design\/\" target=\"_blank\" rel=\"noopener\">arbre a chat design<\/a>.<\/p>","protected":false},"excerpt":{"rendered":"<p>D\u00e9couvrez l&rsquo;Arbre \u00e0 chat design \u2013 Dinosaure en rotin avec Griffoir, une pi\u00e8ce unique pour votre int\u00e9rieur et le bonheur de votre chat.<\/p>","protected":false},"featured_media":13960,"comment_status":"open","ping_status":"closed","template":"","meta":[],"product_brand":[],"product_cat":[111,387,383],"product_tag":[],"class_list":{"0":"post-13967","1":"product","2":"type-product","3":"status-publish","4":"has-post-thumbnail","6":"product_cat-arbre-a-chat-design","7":"product_cat-arbre-a-chat-dinosaure","8":"product_cat-arbre-a-chat-naturel-2","10":"first","11":"instock","12":"shipping-taxable","13":"purchasable","14":"product-type-variable"},"aioseo_notices":[],"_links":{"self":[{"href":"https:\/\/www.mon-arbreachat.com\/en\/wp-json\/wp\/v2\/product\/13967","targetHints":{"allow":["GET"]}}],"collection":[{"href":"https:\/\/www.mon-arbreachat.com\/en\/wp-json\/wp\/v2\/product"}],"about":[{"href":"https:\/\/www.mon-arbreachat.com\/en\/wp-json\/wp\/v2\/types\/product"}],"replies":[{"embeddable":true,"href":"https:\/\/www.mon-arbreachat.com\/en\/wp-json\/wp\/v2\/comments?post=13967"}],"wp:featuredmedia":[{"embeddable":true,"href":"https:\/\/www.mon-arbreachat.com\/en\/wp-json\/wp\/v2\/media\/13960"}],"wp:attachment":[{"href":"https:\/\/www.mon-arbreachat.com\/en\/wp-json\/wp\/v2\/media?parent=13967"}],"wp:term":[{"taxonomy":"product_brand","embeddable":true,"href":"https:\/\/www.mon-arbreachat.com\/en\/wp-json\/wp\/v2\/product_brand?post=13967"},{"taxonomy":"product_cat","embeddable":true,"href":"https:\/\/www.mon-arbreachat.com\/en\/wp-json\/wp\/v2\/product_cat?post=13967"},{"taxonomy":"product_tag","embeddable":true,"href":"https:\/\/www.mon-arbreachat.com\/en\/wp-json\/wp\/v2\/product_tag?post=13967"}],"curies":[{"name":"wp","href":"https:\/\/api.w.org\/{rel}","templated":true}]}}