{"id":15282,"date":"2025-12-04T21:52:12","date_gmt":"2025-12-04T21:52:12","guid":{"rendered":"https:\/\/www.mon-arbreachat.com\/?post_type=product&#038;p=15282"},"modified":"2026-04-06T21:43:39","modified_gmt":"2026-04-06T21:43:39","slug":"arbre-a-chat-maine-coon-xxl-ultra-stable","status":"publish","type":"product","link":"https:\/\/www.mon-arbreachat.com\/en\/product\/arbre-a-chat-maine-coon-xxl-ultra-stable\/","title":{"rendered":"Arbre \u00e0 chat Maine Coon \u2013 XXL Ultra Stable"},"content":{"rendered":"<h2>Arbre \u00e0 chat Maine Coon \u2013 XXL Ultra Stable pour le confort de votre f\u00e9lin<\/h2>\n<p>D\u00e9couvrez l\u2019Arbre \u00e0 chat Maine Coon \u2013 XXL Ultra Stable, un incontournable pour offrir \u00e0 votre chat un espace confortable et s\u00e9curis\u00e9. Con\u00e7u sp\u00e9cialement pour les races grandes et puissantes, cet arbre \u00e0 chat XXL propose un espace spacieux o\u00f9 chaque f\u00e9lin peut grimper, jouer et se reposer \u00e0 son aise.<\/p>\n<p>La stabilit\u00e9 de cet arbre \u00e0 chat ne conna\u00eet pas d\u2019\u00e9gal, gr\u00e2ce \u00e0 sa base renforc\u00e9e. Votre chat peut s\u2019\u00e9panouir en toute s\u00e9curit\u00e9, m\u00eame lors de ses moments de folie. Un habitat parfait pour \u00e9veiller l\u2019instinct naturel de votre chat tout en pr\u00e9servant l\u2019int\u00e9grit\u00e9 de votre mobilier.<\/p>\n<h2>Un espace de divertissement complet avec l\u2019Arbre \u00e0 chat Maine Coon \u2013 XXL Ultra Stable<\/h2>\n<p>L\u2019Arbre \u00e0 chat Maine Coon \u2013 XXL Ultra Stable est bien plus qu\u2019un simple arbre \u00e0 chat, c\u2019est un v\u00e9ritable centre de loisirs pour votre compagnon \u00e0 quatre pattes. Avec ses multiples niveaux, cet arbre \u00e0 chat XXL encourage les activit\u00e9s physiques et mentales, satisfaisant la curiosit\u00e9 naturelle de votre chat.<\/p>\n<p>Avec des plateformes adapt\u00e9es et un griffoir int\u00e9gr\u00e9, votre chat disposera de tout ce dont il a besoin pour s\u2019\u00e9tirer, aiguiser ses griffes et observer son environnement. Un must-have pour tous les propri\u00e9taires de chats d\u00e9sireux de leur offrir le meilleur.<\/p>\n<h2>Design \u00e9l\u00e9gant et robuste de l\u2019Arbre \u00e0 chat Maine Coon \u2013 XXL Ultra Stable<\/h2>\n<p>L\u2019\u00e9l\u00e9gant design de l\u2019Arbre \u00e0 chat Maine Coon \u2013 XXL Ultra Stable se fond parfaitement dans tout int\u00e9rieur. Sa construction soign\u00e9e et ses mat\u00e9riaux de qualit\u00e9 garantissent une durabilit\u00e9 optimale et une esth\u00e9tique moderne, alignant confort pour l\u2019animal et satisfaction pour le ma\u00eetre.<\/p>\n<p>Fabriqu\u00e9 avec des mat\u00e9riaux durables, cet arbre \u00e0 chat promet d\u2019\u00eatre un pilier de votre espace de vie, tout en \u00e9tant l\u2019endroit pr\u00e9f\u00e9r\u00e9 de votre f\u00e9lin. Une alliance parfaite entre design et praticit\u00e9 pour combler toutes les attentes.<\/p>\n<h2>Caract\u00e9ristiques techniques<\/h2>\n<ul>\n<li>Dimensions g\u00e9n\u00e9reuses adapt\u00e9es aux grands chats<\/li>\n<li>Construction ultra stable avec base renforc\u00e9e<\/li>\n<li>Plusieurs niveaux pour grimper et explorer<\/li>\n<li>Mat\u00e9riaux durables de haute qualit\u00e9<\/li>\n<\/ul>\n<p>Si vous aimez ce produit, vous trouverez surement votre bonheur dans notre large gamme <a href=\"https:\/\/www.mon-arbreachat.com\/en\/collections\/arbre-a-chat-maine-coon\/\" target=\"_blank\" rel=\"noopener\">arbre a chat maine coon<\/a>.<\/p>","protected":false},"excerpt":{"rendered":"<p>D\u00e9couvrez l&rsquo;Arbre \u00e0 chat Maine Coon \u2013 XXL Ultra Stable, parfait pour le confort et l&rsquo;amusement de votre f\u00e9lin.<\/p>","protected":false},"featured_media":15270,"comment_status":"open","ping_status":"closed","template":"","meta":[],"product_brand":[],"product_cat":[108,383],"product_tag":[],"class_list":{"0":"post-15282","1":"product","2":"type-product","3":"status-publish","4":"has-post-thumbnail","6":"product_cat-arbre-a-chat-maine-coon","7":"product_cat-arbre-a-chat-naturel-2","9":"first","10":"instock","11":"shipping-taxable","12":"purchasable","13":"product-type-variable"},"aioseo_notices":[],"_links":{"self":[{"href":"https:\/\/www.mon-arbreachat.com\/en\/wp-json\/wp\/v2\/product\/15282","targetHints":{"allow":["GET"]}}],"collection":[{"href":"https:\/\/www.mon-arbreachat.com\/en\/wp-json\/wp\/v2\/product"}],"about":[{"href":"https:\/\/www.mon-arbreachat.com\/en\/wp-json\/wp\/v2\/types\/product"}],"replies":[{"embeddable":true,"href":"https:\/\/www.mon-arbreachat.com\/en\/wp-json\/wp\/v2\/comments?post=15282"}],"wp:featuredmedia":[{"embeddable":true,"href":"https:\/\/www.mon-arbreachat.com\/en\/wp-json\/wp\/v2\/media\/15270"}],"wp:attachment":[{"href":"https:\/\/www.mon-arbreachat.com\/en\/wp-json\/wp\/v2\/media?parent=15282"}],"wp:term":[{"taxonomy":"product_brand","embeddable":true,"href":"https:\/\/www.mon-arbreachat.com\/en\/wp-json\/wp\/v2\/product_brand?post=15282"},{"taxonomy":"product_cat","embeddable":true,"href":"https:\/\/www.mon-arbreachat.com\/en\/wp-json\/wp\/v2\/product_cat?post=15282"},{"taxonomy":"product_tag","embeddable":true,"href":"https:\/\/www.mon-arbreachat.com\/en\/wp-json\/wp\/v2\/product_tag?post=15282"}],"curies":[{"name":"wp","href":"https:\/\/api.w.org\/{rel}","templated":true}]}}