{"id":15804,"date":"2025-12-04T19:51:02","date_gmt":"2025-12-04T19:51:02","guid":{"rendered":"https:\/\/www.mon-arbreachat.com\/?post_type=product&#038;p=15804"},"modified":"2026-04-06T21:43:49","modified_gmt":"2026-04-06T21:43:49","slug":"arbre-a-chat-xxl-multi-niveaux-avec-2-maisonnettes-hamacs","status":"publish","type":"product","link":"https:\/\/www.mon-arbreachat.com\/en\/product\/arbre-a-chat-xxl-multi-niveaux-avec-2-maisonnettes-hamacs\/","title":{"rendered":"Arbre \u00e0 chat XXL multi-niveaux avec 2 maisonnettes &amp; hamacs"},"content":{"rendered":"<h2>L\u2019Arbre \u00e0 chat XXL multi-niveaux, un paradis pour vos f\u00e9lins<\/h2>\n<p>D\u00e9couvrez l\u2019Arbre \u00e0 chat XXL multi-niveaux avec 2 maisonnettes et hamacs, con\u00e7u pour offrir un espace de jeu et de d\u00e9tente incomparable \u00e0 vos chats. Cet arbre \u00e0 chat s\u2019int\u00e8gre parfaitement dans votre int\u00e9rieur tout en r\u00e9pondant aux besoins naturels de vos compagnons f\u00e9lins.<\/p>\n<p>Avec ses nombreux niveaux, l\u2019Arbre \u00e0 chat XXL permet \u00e0 vos chats de grimper et se percher en hauteur. Cette structure est id\u00e9ale pour leur offrir un environnement stimulant et enrichissant, tout en veillant \u00e0 leur bien-\u00eatre physique et mental.<\/p>\n<h2>Confort et s\u00e9curit\u00e9 avec l\u2019Arbre \u00e0 chat XXL multi-niveaux<\/h2>\n<p>L\u2019Arbre \u00e0 chat XXL multi-niveaux est \u00e9quip\u00e9 de deux maisonnettes confortables o\u00f9 vos chats peuvent se reposer en toute tranquillit\u00e9. Cette conception assure \u00e9galement un sentiment de s\u00e9curit\u00e9 lorsque vos f\u00e9lins souhaitent s\u2019isoler.<\/p>\n<p>En plus des maisonnettes, l\u2019Arbre \u00e0 chat XXL propose des hamacs moelleux, id\u00e9aux pour des siestes en apesanteur. Ce mobilier est ainsi la solution parfaite pour offrir \u00e0 vos chats un refuge cosy et s\u00e9curis\u00e9 au sein de votre domicile.<\/p>\n<h2>Une qualit\u00e9 sup\u00e9rieure avec l\u2019Arbre \u00e0 chat XXL multi-niveaux<\/h2>\n<p>Gr\u00e2ce \u00e0 sa fabrication en mat\u00e9riaux robustes, l\u2019Arbre \u00e0 chat XXL multi-niveaux est con\u00e7u pour durer. Il r\u00e9siste aux assauts r\u00e9p\u00e9t\u00e9s des griffes et assure une stabilit\u00e9 parfaite m\u00eame lors des jeux les plus agit\u00e9s.<\/p>\n<p>En choisissant l\u2019Arbre \u00e0 chat XXL, vous offrez \u00e0 vos chats un espace de vie luxueux et durable. Sa conception r\u00e9fl\u00e9chie et esth\u00e9tique en fait un \u00e9l\u00e9ment d\u00e9coratif qui embellira votre int\u00e9rieur tout en enchantant vos f\u00e9lins.<\/p>\n<h2>Caract\u00e9ristiques techniques de l\u2019Arbre \u00e0 chat XXL multi-niveaux<\/h2>\n<ul>\n<li>Dimensions: Grands<\/li>\n<li>Mat\u00e9riaux: Bois et Sisal<\/li>\n<li>Niveaux: Multi-niveaux<\/li>\n<li>Origine: Chine<\/li>\n<li>Type: Pour chats<\/li>\n<\/ul>\n<p>Ce mod\u00e8le est l\u2019un des plus populaires de notre gamme <a href=\"https:\/\/www.mon-arbreachat.com\/en\/collections\/arbre-a-chat-xxl\/\" target=\"_blank\" rel=\"noopener\">arbre a chat xxl<\/a>, venez la d\u00e9couvrir pour y trouver d\u2019autres produits.<\/p>","protected":false},"excerpt":{"rendered":"<p>D\u00e9couvrez l&rsquo;Arbre \u00e0 chat XXL multi-niveaux avec 2 maisonnettes et hamacs, id\u00e9al pour vos chats.<\/p>","protected":false},"featured_media":15781,"comment_status":"open","ping_status":"closed","template":"","meta":[],"product_brand":[],"product_cat":[382,383,107],"product_tag":[],"class_list":{"0":"post-15804","1":"product","2":"type-product","3":"status-publish","4":"has-post-thumbnail","6":"product_cat-arbre-a-chat-hamac","7":"product_cat-arbre-a-chat-naturel-2","8":"product_cat-arbre-a-chat-xxl","10":"first","11":"instock","12":"shipping-taxable","13":"purchasable","14":"product-type-variable"},"aioseo_notices":[],"_links":{"self":[{"href":"https:\/\/www.mon-arbreachat.com\/en\/wp-json\/wp\/v2\/product\/15804","targetHints":{"allow":["GET"]}}],"collection":[{"href":"https:\/\/www.mon-arbreachat.com\/en\/wp-json\/wp\/v2\/product"}],"about":[{"href":"https:\/\/www.mon-arbreachat.com\/en\/wp-json\/wp\/v2\/types\/product"}],"replies":[{"embeddable":true,"href":"https:\/\/www.mon-arbreachat.com\/en\/wp-json\/wp\/v2\/comments?post=15804"}],"wp:featuredmedia":[{"embeddable":true,"href":"https:\/\/www.mon-arbreachat.com\/en\/wp-json\/wp\/v2\/media\/15781"}],"wp:attachment":[{"href":"https:\/\/www.mon-arbreachat.com\/en\/wp-json\/wp\/v2\/media?parent=15804"}],"wp:term":[{"taxonomy":"product_brand","embeddable":true,"href":"https:\/\/www.mon-arbreachat.com\/en\/wp-json\/wp\/v2\/product_brand?post=15804"},{"taxonomy":"product_cat","embeddable":true,"href":"https:\/\/www.mon-arbreachat.com\/en\/wp-json\/wp\/v2\/product_cat?post=15804"},{"taxonomy":"product_tag","embeddable":true,"href":"https:\/\/www.mon-arbreachat.com\/en\/wp-json\/wp\/v2\/product_tag?post=15804"}],"curies":[{"name":"wp","href":"https:\/\/api.w.org\/{rel}","templated":true}]}}