{"id":8741,"date":"2025-10-10T16:17:39","date_gmt":"2025-10-10T16:17:39","guid":{"rendered":"https:\/\/www.mon-arbreachat.com\/produit\/arbre-a-chat-bois-massif-naturecat\/"},"modified":"2026-04-06T21:52:52","modified_gmt":"2026-04-06T21:52:52","slug":"arbre-a-chat-maine-coon-bois-massif-avec-balcon-bulle-transparente","status":"publish","type":"product","link":"https:\/\/www.mon-arbreachat.com\/en\/product\/arbre-a-chat-maine-coon-bois-massif-avec-balcon-bulle-transparente\/","title":{"rendered":"Maine Coon cat tree in solid wood with balcony &amp; transparent bubble"},"content":{"rendered":"<h2>Arbre \u00e0 chat bois massif \u2013 Nature\u2019Cat : un espace d\u2019amusement pour votre f\u00e9lin<\/h2>\n<p>Avec l\u2019Arbre \u00e0 chat bois massif \u2013 Nature\u2019Cat, offrez \u00e0 votre chat un environnement stimulant et s\u00e9curis\u00e9 pour se divertir. Chaque \u00e9tage de cet arbre a \u00e9t\u00e9 con\u00e7u pour favoriser le jeu actif, et stimuler l\u2019instinct naturel de chasse et d\u2019exploration de votre compagnon \u00e0 quatre pattes.<\/p>\n<p>Ce produit est id\u00e9al pour les propri\u00e9taires de chats souhaitant enrichir l\u2019environnement domestique de leur animal tout en apportant une touche esth\u00e9tique \u00e0 leur int\u00e9rieur. L\u2019Arbre \u00e0 chat bois massif \u2013 Nature\u2019Cat se d\u00e9marque par sa robustesse et son \u00e9l\u00e9gance, faisant de cet arbre \u00e0 chat une pi\u00e8ce ma\u00eetresse de votre salon.<\/p>\n<h2>Arbre \u00e0 chat bois massif \u2013 Nature\u2019Cat : un alli\u00e9 esth\u00e9tique et pratique<\/h2>\n<p>L\u2019Arbre \u00e0 chat bois massif \u2013 Nature\u2019Cat s\u2019int\u00e8gre harmonieusement dans n\u2019importe quel type de d\u00e9coration int\u00e9rieure gr\u00e2ce \u00e0 son design soign\u00e9 et ses mat\u00e9riaux de grande qualit\u00e9. Cet arbre invite votre chat \u00e0 se pr\u00e9lasser et jouer tout en ajoutant une note naturelle et raffin\u00e9e \u00e0 votre espace de vie.<\/p>\n<p>Con\u00e7u pour durer, cet arbre \u00e0 chat en bois massif r\u00e9siste aux assauts du temps et des griffes les plus ac\u00e9r\u00e9es. C\u2019est l\u2019\u00e9quipement parfait pour les propri\u00e9taires de chats qui cherchent un investissement durable. Son look intemporel est un v\u00e9ritable plus pour toutes les maisons.<\/p>\n<h2>Pourquoi choisir l\u2019Arbre \u00e0 chat bois massif \u2013 Nature\u2019Cat pour votre chat<\/h2>\n<p>L\u2019Arbre \u00e0 chat bois massif \u2013 Nature\u2019Cat est la solution id\u00e9ale pour offrir \u00e0 votre chat un espace personnel o\u00f9 il peut satisfaire tous ses besoins naturels, des jeux dynamiques au repos. Avec cet arbre, votre f\u00e9lin disposera de son propre domaine dans votre maison.<\/p>\n<p>Parfait pour les familles avec plusieurs chats ou pour ceux qui aiment \u00eatre entour\u00e9s de nature, cet arbre \u00e0 chat fait de mat\u00e9riaux naturels est aussi b\u00e9n\u00e9fique pour le bien-\u00eatre de votre chat que pour l\u2019harmonie de votre foyer.<\/p>\n<h2>D\u00e9tails du produit<\/h2>\n<ul>\n<li>Bois massif durable<\/li>\n<li>Design \u00e9l\u00e9gant et naturel<\/li>\n<li>\u00c9l\u00e9ments de jeu int\u00e9gr\u00e9s<\/li>\n<\/ul>\n<p>D\u00e9couvrez nos autres mod\u00e8les de <a href=\"\/en\/collections\/arbre-a-chat-maine-coon-1\/\">arbre-a-chat-maine-coon-1<\/a> ou de <a href=\"\/en\/collections\/arbre-a-chat-mural\/\">arbre-a-chat-mural<\/a> pour compl\u00e9ter votre commande.<\/p>","protected":false},"excerpt":{"rendered":"<p>Arbre \u00e0 chat bois massif &#8211; Nature&rsquo;Cat, l&rsquo;espace de jeu et de d\u00e9tente id\u00e9al pour votre f\u00e9lin.<\/p>","protected":false},"featured_media":8688,"comment_status":"open","ping_status":"closed","template":"","meta":[],"product_brand":[],"product_cat":[108,383],"product_tag":[],"class_list":{"0":"post-8741","1":"product","2":"type-product","3":"status-publish","4":"has-post-thumbnail","6":"product_cat-arbre-a-chat-maine-coon","7":"product_cat-arbre-a-chat-naturel-2","9":"first","10":"instock","11":"shipping-taxable","12":"purchasable","13":"product-type-variable"},"aioseo_notices":[],"_links":{"self":[{"href":"https:\/\/www.mon-arbreachat.com\/en\/wp-json\/wp\/v2\/product\/8741","targetHints":{"allow":["GET"]}}],"collection":[{"href":"https:\/\/www.mon-arbreachat.com\/en\/wp-json\/wp\/v2\/product"}],"about":[{"href":"https:\/\/www.mon-arbreachat.com\/en\/wp-json\/wp\/v2\/types\/product"}],"replies":[{"embeddable":true,"href":"https:\/\/www.mon-arbreachat.com\/en\/wp-json\/wp\/v2\/comments?post=8741"}],"wp:featuredmedia":[{"embeddable":true,"href":"https:\/\/www.mon-arbreachat.com\/en\/wp-json\/wp\/v2\/media\/8688"}],"wp:attachment":[{"href":"https:\/\/www.mon-arbreachat.com\/en\/wp-json\/wp\/v2\/media?parent=8741"}],"wp:term":[{"taxonomy":"product_brand","embeddable":true,"href":"https:\/\/www.mon-arbreachat.com\/en\/wp-json\/wp\/v2\/product_brand?post=8741"},{"taxonomy":"product_cat","embeddable":true,"href":"https:\/\/www.mon-arbreachat.com\/en\/wp-json\/wp\/v2\/product_cat?post=8741"},{"taxonomy":"product_tag","embeddable":true,"href":"https:\/\/www.mon-arbreachat.com\/en\/wp-json\/wp\/v2\/product_tag?post=8741"}],"curies":[{"name":"wp","href":"https:\/\/api.w.org\/{rel}","templated":true}]}}