{"id":8768,"date":"2025-10-10T16:18:06","date_gmt":"2025-10-10T16:18:06","guid":{"rendered":"https:\/\/www.mon-arbreachat.com\/produit\/arbre-a-chat-beige-nid-perche-xxl\/"},"modified":"2026-04-06T21:52:51","modified_gmt":"2026-04-06T21:52:51","slug":"arbre-a-chat-xxl-beige-avec-maisonnettes-double-face-rampe-griffoir-hamac-lits-douillets","status":"publish","type":"product","link":"https:\/\/www.mon-arbreachat.com\/en\/product\/arbre-a-chat-xxl-beige-avec-maisonnettes-double-face-rampe-griffoir-hamac-lits-douillets\/","title":{"rendered":"Arbre \u00e0 chat xxl beige avec maisonnettes double face, rampe griffoir, hamac &amp; lits douillets"},"content":{"rendered":"<h2>Arbre \u00e0 chat XXL beige avec maisonnettes double face, un royaume pour vos f\u00e9lins<\/h2>\n<p>D\u00e9couvrez l\u2019Arbre \u00e0 chat XXL beige avec maisonnettes double face, un v\u00e9ritable palais pour vos chats. Con\u00e7u sp\u00e9cialement pour offrir un espace complet de jeu et de repos, il s\u2019int\u00e9grera parfaitement dans tous les int\u00e9rieurs gr\u00e2ce \u00e0 sa couleur beige \u00e9l\u00e9gante. Les nombreux niveaux de cet arbre \u00e0 chat encouragent vos compagnons \u00e0 explorer et \u00e0 se divertir tout au long de la journ\u00e9e.<\/p>\n<p>Les maisonnettes double face permettent \u00e0 chacun de vos chats de s\u2019y r\u00e9fugier en toute tranquillit\u00e9. Elles garantissent des moments de paix m\u00eame dans une maison anim\u00e9e. De plus, la structure robuste et bien pens\u00e9e assure la stabilit\u00e9 indispensable, m\u00eame aux adeptes des sauts acrobatiques des f\u00e9lins les plus \u00e9nergiques.<\/p>\n<h2>Un Arbre \u00e0 chat XXL avec rampe griffoir et lits douillets pour des moments de d\u00e9tente<\/h2>\n<p>L\u2019Arbre \u00e0 chat XXL beige est dot\u00e9 de caract\u00e9ristiques pens\u00e9es pour maximiser le confort de votre chat. Gr\u00e2ce \u00e0 la rampe griffoir, vos chats peuvent satisfaire leur besoin naturel de griffer et ainsi maintenir la sant\u00e9 de leurs griffes tout en restant actifs.<\/p>\n<p>Les lits douillets dispos\u00e9s \u00e0 diff\u00e9rents niveaux sont id\u00e9aux pour le repos. Chaque espace de couchage invite au repos gr\u00e2ce \u00e0 une conception en peluche douce, apportant ainsi un sentiment de confort et de s\u00e9curit\u00e9 \u00e0 vos compagnons \u00e0 quatre pattes apr\u00e8s leurs moments de jeu intense.<\/p>\n<h2>Assemblage facile pour un Arbre \u00e0 chat XXL adapt\u00e9 aux foyers multiples<\/h2>\n<p>L\u2019Arbre \u00e0 chat XXL beige avec maisonnettes double face est non seulement un lieu de jeu, mais surtout un atout pour les foyers accueillant plusieurs chats. Sa facilit\u00e9 d\u2019assemblage est optimis\u00e9e par des instructions claires, garantissant un montage rapide et efficace.<\/p>\n<p>Cet arbre \u00e0 chat s\u2019av\u00e8re \u00eatre une solution id\u00e9ale pour les propri\u00e9taires de chats souhaitant offrir \u00e0 leurs animaux un espace stimulant. Il encourage le jeu social entre plusieurs chats et permet \u00e9galement aux plus solitaires de profiter pleinement de chaque niveau et espace de d\u00e9tente.<\/p>\n<h2>Caract\u00e9ristiques Techniques<\/h2>\n<ul>\n<li>Couleur: Beige<\/li>\n<li>Hauteur: 180 cm<\/li>\n<li>Dimensions de la base: 60 cm x 50 cm<\/li>\n<\/ul>\n<p>Envie d\u2019un autre mod\u00e8le ? Choisissez votre produit favori dans notre panoplie de <a href=\"https:\/\/www.mon-arbreachat.com\/en\/collections\/arbre-a-chat-xxl\/\">arbre a chat xxl<\/a>.<\/p>","protected":false},"excerpt":{"rendered":"<p>D\u00e9couvrez notre arbre \u00e0 chat XXL beige avec maisonnettes double face, con\u00e7u pour le confort et le divertissement de votre f\u00e9lin.<\/p>","protected":false},"featured_media":8766,"comment_status":"open","ping_status":"closed","template":"","meta":[],"product_brand":[],"product_cat":[382,383,107],"product_tag":[],"class_list":{"0":"post-8768","1":"product","2":"type-product","3":"status-publish","4":"has-post-thumbnail","6":"product_cat-arbre-a-chat-hamac","7":"product_cat-arbre-a-chat-naturel-2","8":"product_cat-arbre-a-chat-xxl","10":"first","11":"instock","12":"shipping-taxable","13":"purchasable","14":"product-type-simple"},"aioseo_notices":[],"_links":{"self":[{"href":"https:\/\/www.mon-arbreachat.com\/en\/wp-json\/wp\/v2\/product\/8768","targetHints":{"allow":["GET"]}}],"collection":[{"href":"https:\/\/www.mon-arbreachat.com\/en\/wp-json\/wp\/v2\/product"}],"about":[{"href":"https:\/\/www.mon-arbreachat.com\/en\/wp-json\/wp\/v2\/types\/product"}],"replies":[{"embeddable":true,"href":"https:\/\/www.mon-arbreachat.com\/en\/wp-json\/wp\/v2\/comments?post=8768"}],"wp:featuredmedia":[{"embeddable":true,"href":"https:\/\/www.mon-arbreachat.com\/en\/wp-json\/wp\/v2\/media\/8766"}],"wp:attachment":[{"href":"https:\/\/www.mon-arbreachat.com\/en\/wp-json\/wp\/v2\/media?parent=8768"}],"wp:term":[{"taxonomy":"product_brand","embeddable":true,"href":"https:\/\/www.mon-arbreachat.com\/en\/wp-json\/wp\/v2\/product_brand?post=8768"},{"taxonomy":"product_cat","embeddable":true,"href":"https:\/\/www.mon-arbreachat.com\/en\/wp-json\/wp\/v2\/product_cat?post=8768"},{"taxonomy":"product_tag","embeddable":true,"href":"https:\/\/www.mon-arbreachat.com\/en\/wp-json\/wp\/v2\/product_tag?post=8768"}],"curies":[{"name":"wp","href":"https:\/\/api.w.org\/{rel}","templated":true}]}}