{"id":9449,"date":"2025-10-10T16:26:44","date_gmt":"2025-10-10T16:26:44","guid":{"rendered":"https:\/\/www.mon-arbreachat.com\/produit\/arbre-a-chat-design-luxe-collection-chiccat\/"},"modified":"2026-04-06T21:44:25","modified_gmt":"2026-04-06T21:44:25","slug":"arbre-a-chat-bois-xxl-avec-terrasse-lit-douillet-bulle-transparente","status":"publish","type":"product","link":"https:\/\/www.mon-arbreachat.com\/en\/product\/arbre-a-chat-bois-xxl-avec-terrasse-lit-douillet-bulle-transparente\/","title":{"rendered":"Arbre \u00e0 chat bois xxl avec terrasse, lit douillet &#038; bulle transparente"},"content":{"rendered":"<p style=\"text-align: center;\"><em>Cet <strong>arbre \u00e0 chat bois XXL<\/strong> est un v\u00e9ritable parc d\u2019attractions pour jeunes chenapans comme nous. Gr\u00e2ce \u00e0 sa bulle transparente, sa terrasse panoramique et son lit douillet, chaque journ\u00e9e devient une nouvelle aventure.<\/em><\/p>\n<p><img fetchpriority=\"high\" decoding=\"async\" class=\"aligncenter wp-image-12981 size-medium\" src=\"https:\/\/www.mon-arbreachat.com\/wp-content\/uploads\/2025\/11\/arbre-a-chat-300x300.jpg\" alt=\"arbre-a-chat\" width=\"300\" height=\"300\" srcset=\"https:\/\/www.mon-arbreachat.com\/wp-content\/uploads\/2025\/11\/arbre-a-chat-300x300.jpg 300w, https:\/\/www.mon-arbreachat.com\/wp-content\/uploads\/2025\/11\/arbre-a-chat-150x150.jpg 150w, https:\/\/www.mon-arbreachat.com\/wp-content\/uploads\/2025\/11\/arbre-a-chat-100x100.jpg 100w, https:\/\/www.mon-arbreachat.com\/wp-content\/uploads\/2025\/11\/arbre-a-chat.jpg 441w\" sizes=\"(max-width: 300px) 100vw, 300px\" \/><\/p>\n<div style=\"text-align: center; color: #2e2d2c;\">\n<h2 style=\"color: #f4afb8;\">Arbre \u00e0 chat bois XXL \u2013 Le terrain de jeu pr\u00e9f\u00e9r\u00e9 des chatons Kity & Kyra<\/h2>\n<p>Pour commencer, salut les humains ! Nous, c\u2019est Kity et Kyra \ud83d\udc3e<br \/>\nOn est deux chatons aussi mignons que turbulents\u2026 et on a trouv\u00e9 notre QG : ce fantastique <strong>arbre \u00e0 chat bois XXL<\/strong> rien que pour nous !<\/p>\n<p>En effet, Kity adore grimper jusqu\u2019\u00e0 la <strong>terrasse haute<\/strong> afin de surveiller tout le quartier.<br \/>\nDe mon c\u00f4t\u00e9, moi Kyra, je me glisse souvent dans la <strong>bulle transparente<\/strong> pour espionner en douce\u2026 comme un petit poisson rouge duveteux.<br \/>\nParfois, on finit dans le <strong>lit moelleux<\/strong> du bas : coll\u00e9s l\u2019un \u00e0 l\u2019autre comme deux petits croissants chauds. Un pur bonheur !<\/p>\n<p><!-- Paragraphe 1 --><\/p>\n<h2 style=\"color: #f4afb8;\">Un arbre \u00e0 chat pens\u00e9 pour nos aventures et nos b\u00eatises<\/h2>\n<p>D\u2019abord, gr\u00e2ce \u00e0 sa structure solide, cet <strong>arbre \u00e0 chat XXL<\/strong> ne craint ni nos sprints soudains ni nos acrobaties improvis\u00e9es.<br \/>\nDe plus, ses poteaux en corde sont parfaits pour nos griffades synchronis\u00e9es \u2014 ce qui \u00e9vite bien des soucis avec le canap\u00e9.<\/p>\n<p>Puis, les plateformes robustes nous permettent de courir, grimper et jouer \u00e0 chat-perch\u00e9 sans jamais perdre l\u2019\u00e9quilibre.<br \/>\nEn effet, la <strong>bulle transparente<\/strong> devient notre poste d\u2019observation favori : Kity y joue les espions tandis que je pr\u00e9pare, de temps en temps, mes attaques surprises (promis, elles sont toujours adorables).<\/p>\n<p><!-- Paragraphe 2 --><\/p>\n<h2 style=\"color: #f4afb8;\">Un terrain de jeu naturel\u2026 que vos humains vont adorer<\/h2>\n<p>Tout d\u2019abord, selon nos humains, cet <strong>ameublement en bois<\/strong> poss\u00e8de un design moderne qui rend leur salon \u201csuper tendance\u201d.<br \/>\nPourtant, de notre point de vue, c\u2019est surtout notre ch\u00e2teau \u2014 m\u00eame si c\u2019est gentil de croire que c\u2019est pour eux !<\/p>\n<p>Par ailleurs, le bois clair et la maisonnette \u00e9l\u00e9gante s\u2019int\u00e8grent parfaitement dans n\u2019importe quel int\u00e9rieur.<br \/>\nEn plus, le lit douillet nous fait presque ronronner rien qu\u2019en le regardant.<br \/>\nLorsque vient le moment du m\u00e9nage, c\u2019est simple : un chiffon, un peu de d\u00e9poussi\u00e9rage\u2026 et hop, tout redevient propre.<br \/>\nEnsuite, \u00e9videmment, on y remet nos poils.<\/p>\n<p><!-- Paragraphe 3 --><\/p>\n<h2 style=\"color: #f4afb8;\">Les caract\u00e9ristiques & avantages selon nous, les chatons, Kity & Kyra<\/h2>\n<ul>\n<li>\ud83e\udeb5 <strong>Mat\u00e9riaux<\/strong> : bois durable + corde r\u00e9sistante + bulle solide<\/li>\n<li>\ud83c\udff0 <strong>Design<\/strong> : moderne, naturel et tr\u00e8s \u00e9l\u00e9gant<\/li>\n<li>\ud83d\udccf <strong>Format<\/strong> : XXL \u2014 parfait pour les gros matous gourmands<\/li>\n<li>\ud83e\uddd7 <strong>Niveaux<\/strong> : plusieurs \u00e9tages pour grimper, courir et comploter<\/li>\n<li>\ud83c\udf19 <strong>D\u00e9tente<\/strong> : lit douillet + maisonnette cosy<\/li>\n<li>\ud83d\udc40 <strong>Bulle<\/strong> : excellent poste d\u2019observation (id\u00e9al pour surveiller les humains)<\/li>\n<li>\ud83e\uddfd <strong>Entretien<\/strong> : facile et rapide<\/li>\n<\/ul>\n<p>Ainsi, l\u2019<strong>arbre \u00e0 chat bois XXL<\/strong> combine s\u00e9curit\u00e9, confort et hauteur \u2014 un trio parfait pour se d\u00e9fouler, explorer ou faire les coquins ensemble.<\/p>\n<h2 style=\"color: #f4afb8;\">Votre chat aime autant s\u2019amuser que nous ? Voici d\u2019autres terrains de jeu :<\/h2>\n<p>Finalement, si votre chat adore s\u2019amuser, grimper et surveiller comme nous :<\/p>\n<p style=\"color: #f4afb8;\"><a href=\"https:\/\/www.mon-arbreachat.com\/en\/collections\/arbre-a-chat-maine-coon\/\" target=\"_blank\" rel=\"noopener\"><strong>Pour voir plus grand<\/strong><\/a> \u2013 Arbre \u00e0 chat Maine Coon<br \/>\n<a href=\"https:\/\/www.mon-arbreachat.com\/en\/collections\/arbre-a-chat-mural\/\" target=\"_blank\" rel=\"noopener\"><strong>Pour grimper toujours plus haut<\/strong><\/a> \u2013 Arbre \u00e0 chat mural<br \/>\n<a href=\"https:\/\/www.mon-arbreachat.com\/en\/product\/arbre-a-chat-bois-design-jardin-luxueux-avec-maisonnettes-bulles-transparentes\/\" target=\"_blank\" rel=\"noopener\"><strong>Arbre \u00e0 chat bois design<\/strong><\/a> \u2013 Naturel, stable et super chic<\/p>\n<h2 style=\"color: #f4afb8; margin-top: 40px;\">FAQ \u2013 Arbre \u00e0 chat bois XXL<\/h2>\n<h3 style=\"color: #f4afb8; font-size: 18px; margin-top: 15px;\">Convient-il aussi aux grands chats ?<\/h3>\n<p>Bien s\u00fbr ! M\u00eame si nous sommes encore petits, cet arbre est con\u00e7u pour r\u00e9sister aux grands matous. Ainsi, aucun risque de bascule.<\/p>\n<h3 style=\"color: #f4afb8; font-size: 18px; margin-top: 15px;\">La bulle transparente est-elle s\u00e9curis\u00e9e ?<\/h3>\n<p>Absolument. Sa structure robuste supporte nos cabrioles sans bouger, m\u00eame lors de nos jeux les plus fous.<\/p>\n<h3 style=\"color: #f4afb8; font-size: 18px; margin-top: 15px;\">Est-il facile \u00e0 entretenir ?<\/h3>\n<p>Oui, tr\u00e8s facile ! Le bois se nettoie rapidement et les plateformes restent impeccables, m\u00eame apr\u00e8s nos cascades quotidiennes.<\/p>\n<\/div>","protected":false},"excerpt":{"rendered":"<p>Test\u00e9 par nous les coquins, cet arbre \u00e0 chat bois XXL offre une bulle transparente, une terrasse perch\u00e9e et plusieurs niveaux de jeu. Notre ma\u00eetresse l&rsquo;adore !<\/p>","protected":false},"featured_media":12980,"comment_status":"open","ping_status":"closed","template":"","meta":[],"product_brand":[],"product_cat":[106,383],"product_tag":[],"class_list":{"0":"post-9449","1":"product","2":"type-product","3":"status-publish","4":"has-post-thumbnail","6":"product_cat-arbre-a-chat-bois","7":"product_cat-arbre-a-chat-naturel-2","9":"first","10":"instock","11":"shipping-taxable","12":"purchasable","13":"product-type-variable"},"aioseo_notices":[],"_links":{"self":[{"href":"https:\/\/www.mon-arbreachat.com\/en\/wp-json\/wp\/v2\/product\/9449","targetHints":{"allow":["GET"]}}],"collection":[{"href":"https:\/\/www.mon-arbreachat.com\/en\/wp-json\/wp\/v2\/product"}],"about":[{"href":"https:\/\/www.mon-arbreachat.com\/en\/wp-json\/wp\/v2\/types\/product"}],"replies":[{"embeddable":true,"href":"https:\/\/www.mon-arbreachat.com\/en\/wp-json\/wp\/v2\/comments?post=9449"}],"wp:featuredmedia":[{"embeddable":true,"href":"https:\/\/www.mon-arbreachat.com\/en\/wp-json\/wp\/v2\/media\/12980"}],"wp:attachment":[{"href":"https:\/\/www.mon-arbreachat.com\/en\/wp-json\/wp\/v2\/media?parent=9449"}],"wp:term":[{"taxonomy":"product_brand","embeddable":true,"href":"https:\/\/www.mon-arbreachat.com\/en\/wp-json\/wp\/v2\/product_brand?post=9449"},{"taxonomy":"product_cat","embeddable":true,"href":"https:\/\/www.mon-arbreachat.com\/en\/wp-json\/wp\/v2\/product_cat?post=9449"},{"taxonomy":"product_tag","embeddable":true,"href":"https:\/\/www.mon-arbreachat.com\/en\/wp-json\/wp\/v2\/product_tag?post=9449"}],"curies":[{"name":"wp","href":"https:\/\/api.w.org\/{rel}","templated":true}]}}